{"id":88,"date":"2019-04-22T13:03:31","date_gmt":"2019-04-22T13:03:31","guid":{"rendered":"http:\/\/maxellon.de\/?page_id=88"},"modified":"2020-03-29T16:19:15","modified_gmt":"2020-03-29T16:19:15","slug":"kosmoflug","status":"publish","type":"page","link":"http:\/\/maxellon.de\/?page_id=88","title":{"rendered":"Butterfly"},"content":{"rendered":"\n<p>\u201eKann der Fl\u00fcgelschlag eines Schmetterlings in Brasilien einen Tornado in Texas ausl\u00f6sen?\u201d fragte der Meteorologe Edward N. Lorenz im Jahr 1972. Heute \u2013 in einer globalisierten Welt, die mit den Folgen des Klimawandels k\u00e4mpft \u2013 wissen wir, dass alles mit allem verbunden ist, dass eine Ver\u00e4nderung in einem kleinen Teil Auswirkungen auf das Ganze hat. Wir m\u00fcssen verstehen lernen, dass wir in EINER Welt leben, in einer Symbiose mit allen anderen Lebewesen, der belebten und unbelebten Natur. <br>Zeit, dass wir uns darauf besinnen, dass wir nicht nur Teil einer bestimmten Kultur, Tradition, Geschichte, Familie\u2026 sind, sondern auch Teil der Gattung Mensch. Zeit, dass wir uns selbst weiter denken.<br>Natur und neueste Technologie stehen aufgrund des gewaltigen Ver\u00e4nderungspotentials, das der menschliche Fortschritt in den letzten Jahrzehnten entwickelt hat, nicht nur in einem Wechsel- sondern zunehmend in einem Spannungsverh\u00e4ltnis. Aus den Erwartungen und \u00c4ngsten, aber auch der Neugier und Hoffnung, die dieses Zusammenspiel hervorruft, erwachsen schlie\u00dflich politische Forderungen und kreative Konzepte, wie die Welt von morgen technologisch und \u00f6kologisch gestaltet werden soll. <br><br><div class=\"workslider\"><div class=\"nor-flexslider standard-slider full-width-img fade\"  \n\t\t\t\t\tdata-opts='{\"animation\":\"\",\"transition\":\"\",\"slideshow\":\"\",\"autoplay\":\"2\"}'>\n\t\t\t\t\t\t<ul class=\"slides\" data-light=\"nor-lightbox\"><li data-thumb=\"\"><a href=\"http:\/\/maxellon.de\/wp-content\/uploads\/2020\/03\/Butterfly-001.jpg\" class=\"flex-slide\"><img loading=\"lazy\" decoding=\"async\" src=\"http:\/\/maxellon.de\/wp-content\/uploads\/2020\/03\/Butterfly-001.jpg\" srcset=\"http:\/\/maxellon.de\/wp-content\/uploads\/2020\/03\/Butterfly-001.jpg 827w, http:\/\/maxellon.de\/wp-content\/uploads\/2020\/03\/Butterfly-001-720x1080.jpg 720w, http:\/\/maxellon.de\/wp-content\/uploads\/2020\/03\/Butterfly-001-768x1152.jpg 768w\" width=\"827\"  height=\"1240\" alt=\"Butterfly\"\n            data-sizes=\"100vw\" sizes=\"100vw\" class=\"lazyload \"><\/a><\/li><\/ul><\/div><\/div>\n\n\n\n<p>In einem abgelegenenen Zimmer des Schlosses Sommershausen wird lautlos ein Schmetterling projeziert. Er taucht auf der alten Tapete auf, fliegt durch das Zimmer und bleibt kurz auf der Lampe sitzen, eine poetische Begegnung mit Frage nach der Verg\u00e4nglichkeit.<\/p>\n","protected":false},"excerpt":{"rendered":"<p>\u201eKann der Fl\u00fcgelschlag eines Schmetterlings in Brasilien einen Tornado in Texas ausl\u00f6sen?\u201d fragte der Meteorologe Edward N. Lorenz im Jahr&#8230;<\/p>\n","protected":false},"author":1,"featured_media":0,"parent":0,"menu_order":0,"comment_status":"closed","ping_status":"closed","template":"","meta":{"footnotes":""},"_links":{"self":[{"href":"http:\/\/maxellon.de\/index.php?rest_route=\/wp\/v2\/pages\/88"}],"collection":[{"href":"http:\/\/maxellon.de\/index.php?rest_route=\/wp\/v2\/pages"}],"about":[{"href":"http:\/\/maxellon.de\/index.php?rest_route=\/wp\/v2\/types\/page"}],"author":[{"embeddable":true,"href":"http:\/\/maxellon.de\/index.php?rest_route=\/wp\/v2\/users\/1"}],"replies":[{"embeddable":true,"href":"http:\/\/maxellon.de\/index.php?rest_route=%2Fwp%2Fv2%2Fcomments&post=88"}],"version-history":[{"count":8,"href":"http:\/\/maxellon.de\/index.php?rest_route=\/wp\/v2\/pages\/88\/revisions"}],"predecessor-version":[{"id":557,"href":"http:\/\/maxellon.de\/index.php?rest_route=\/wp\/v2\/pages\/88\/revisions\/557"}],"wp:attachment":[{"href":"http:\/\/maxellon.de\/index.php?rest_route=%2Fwp%2Fv2%2Fmedia&parent=88"}],"curies":[{"name":"wp","href":"https:\/\/api.w.org\/{rel}","templated":true}]}}