{"id":83,"date":"2019-04-22T13:03:31","date_gmt":"2019-04-22T13:03:31","guid":{"rendered":"http:\/\/maxellon.de\/?page_id=83"},"modified":"2020-03-11T20:32:47","modified_gmt":"2020-03-11T20:32:47","slug":"goldene-zeiten","status":"publish","type":"page","link":"http:\/\/maxellon.de\/?page_id=83","title":{"rendered":"Goldene Zeiten"},"content":{"rendered":"\n<p class=\"has-text-align-center has-large-font-size\"><strong>Erinnerungen in 2817 Fotos  <\/strong><\/p>\n\n\n\n<p class=\"has-text-align-center\"><strong>Containerinstallation von Joanna Maxellon<\/strong><\/p>\n\n\n\n<p>Neun Wochen vor dem Ausstellungstermin wurden in zwei regionalen Tageszeitungen in N\u00fcrnberg und Schwabach Anzeigen platziert mit der \u00dcberschrift: \u201cWaren Sie Gl\u00fccklich?\u201c. Diese einfache Frage wurde an den Anfang einer fast wissenschaftlichen Studie gestellt, einer Analyse von Alltagsfotografien, ihrem fotografischen Nutzen f\u00fcr das Ged\u00e4chtnis und der Erinnerung des Einzelnen an gl\u00fcckliche Momente. W\u00e4hrend der Aktion sammelt Joanna Maxellon 2817 Fotos aus privaten Best\u00e4nden. Zu jedem ausgestelltem Foto wurde eine kurze Geschichte auf einem Tonbandger\u00e4t festgehalten, die w\u00e4hrend der Ausstellung zu h\u00f6ren war. Die Ausstellung fand in einem Container statt, der f\u00fcr die einzelnen Erinnerungen zum kollektiven Ged\u00e4chtnis wurde.<\/p>\n","protected":false},"excerpt":{"rendered":"<p>Erinnerungen in 2817 Fotos Containerinstallation von Joanna Maxellon Neun Wochen vor dem Ausstellungstermin wurden in zwei regionalen Tageszeitungen in N\u00fcrnberg&#8230;<\/p>\n","protected":false},"author":1,"featured_media":0,"parent":0,"menu_order":0,"comment_status":"closed","ping_status":"closed","template":"","meta":{"footnotes":""},"_links":{"self":[{"href":"http:\/\/maxellon.de\/index.php?rest_route=\/wp\/v2\/pages\/83"}],"collection":[{"href":"http:\/\/maxellon.de\/index.php?rest_route=\/wp\/v2\/pages"}],"about":[{"href":"http:\/\/maxellon.de\/index.php?rest_route=\/wp\/v2\/types\/page"}],"author":[{"embeddable":true,"href":"http:\/\/maxellon.de\/index.php?rest_route=\/wp\/v2\/users\/1"}],"replies":[{"embeddable":true,"href":"http:\/\/maxellon.de\/index.php?rest_route=%2Fwp%2Fv2%2Fcomments&post=83"}],"version-history":[{"count":8,"href":"http:\/\/maxellon.de\/index.php?rest_route=\/wp\/v2\/pages\/83\/revisions"}],"predecessor-version":[{"id":368,"href":"http:\/\/maxellon.de\/index.php?rest_route=\/wp\/v2\/pages\/83\/revisions\/368"}],"wp:attachment":[{"href":"http:\/\/maxellon.de\/index.php?rest_route=%2Fwp%2Fv2%2Fmedia&parent=83"}],"curies":[{"name":"wp","href":"https:\/\/api.w.org\/{rel}","templated":true}]}}