{"id":79,"date":"2019-04-22T13:03:31","date_gmt":"2019-04-22T13:03:31","guid":{"rendered":"http:\/\/maxellon.de\/?page_id=79"},"modified":"2020-05-12T22:42:58","modified_gmt":"2020-05-12T22:42:58","slug":"die-blaue-nacht-2018","status":"publish","type":"page","link":"http:\/\/maxellon.de\/?page_id=79","title":{"rendered":"Guten Abend, Gute Nacht"},"content":{"rendered":"\n<p>Guten Abend, gute Nacht <br> ein Projekt von Joanna Maxellon und Anna Steward<br> Mehrkanal -Videoinstallation \/ Die Blaue Nacht N\u00fcrnberg 2018, Herrenschei\u00dfhaus \/Kunstwettbewerb<\/p>\n\n\n\n<p><br> Sigmund Freud deutete das Haus als Symbol f\u00fcr den Menschen. Mit einem Haus verbinden wir Sicherheit und Geborgenheit. Es steht sowohl f\u00fcr die Sehnsucht nach einer Heimkehr als auch die Suche nach Selbst\u00e4ndigkeit und Unabh\u00e4ngigkeit. Im eigenen Haus sind wir unser eigener Herr\/Herrin. Doch birgt die architektonische H\u00fclle auch die Gefahr, dass alles was jenseits der vier W\u00e4nde liegt, als fremd und bedrohlich wahrgenommen wird. Wenn die \u00e4u\u00dferen Grenzen zu inneren werden kristallisiert Leben. Dann werden H\u00e4user zu Gef\u00e4ngnissen, die man aus Gewohnheit nicht verl\u00e4sst.<br> Leben ist Abenteuer. Doch wenn wir gefangen sind in den den vier W\u00e4nden unserer Gewohnheit, vergessen wir, wie der Horizont schmeckt.<br> \u201eGuten Abend, gute Nacht\u201c l\u00e4dt mit starken Traumbildern zu einer assozia ven Reise ein, bei der es gilt Neues im Alten zu entdecken und Fremdes im Vertrautem. Es ist eine poe sche Einladung Ver\u00e4nderung zu feiern.<\/p>\n\n\n\n<figure class=\"wp-block-embed-youtube wp-block-embed is-type-video is-provider-youtube wp-embed-aspect-16-9 wp-has-aspect-ratio\"><div class=\"wp-block-embed__wrapper\">\n<iframe loading=\"lazy\" title=\"Blaue Nacht 2018\" width=\"500\" height=\"281\" src=\"https:\/\/www.youtube.com\/embed\/kMgbAzD07mg?feature=oembed\"  allow=\"accelerometer; autoplay; encrypted-media; gyroscope; picture-in-picture\" allowfullscreen><\/iframe>\n<\/div><\/figure>\n\n\n\n<div class=\"wp-block-columns has-2-columns is-layout-flex wp-container-core-columns-layout-1 wp-block-columns-is-layout-flex\">\n<div class=\"wp-block-column is-layout-flow wp-block-column-is-layout-flow\" style=\"flex-basis:33.33%\">\n<figure class=\"wp-block-embed-youtube wp-block-embed is-type-video is-provider-youtube wp-embed-aspect-16-9 wp-has-aspect-ratio\"><div class=\"wp-block-embed__wrapper\">\n<iframe loading=\"lazy\" title=\"Blaue Nacht 2018\" width=\"500\" height=\"281\" src=\"https:\/\/www.youtube.com\/embed\/z_66A9mArX4?feature=oembed\"  allow=\"accelerometer; autoplay; encrypted-media; gyroscope; picture-in-picture\" allowfullscreen><\/iframe>\n<\/div><\/figure>\n<\/div>\n\n\n\n<div class=\"wp-block-column is-layout-flow wp-block-column-is-layout-flow\" style=\"flex-basis:66.66%\"><\/div>\n<\/div>\n","protected":false},"excerpt":{"rendered":"<p>Guten Abend, gute Nacht ein Projekt von Joanna Maxellon und Anna Steward Mehrkanal -Videoinstallation \/ Die Blaue Nacht N\u00fcrnberg 2018,&#8230;<\/p>\n","protected":false},"author":1,"featured_media":0,"parent":0,"menu_order":0,"comment_status":"closed","ping_status":"closed","template":"","meta":{"footnotes":""},"_links":{"self":[{"href":"http:\/\/maxellon.de\/index.php?rest_route=\/wp\/v2\/pages\/79"}],"collection":[{"href":"http:\/\/maxellon.de\/index.php?rest_route=\/wp\/v2\/pages"}],"about":[{"href":"http:\/\/maxellon.de\/index.php?rest_route=\/wp\/v2\/types\/page"}],"author":[{"embeddable":true,"href":"http:\/\/maxellon.de\/index.php?rest_route=\/wp\/v2\/users\/1"}],"replies":[{"embeddable":true,"href":"http:\/\/maxellon.de\/index.php?rest_route=%2Fwp%2Fv2%2Fcomments&post=79"}],"version-history":[{"count":8,"href":"http:\/\/maxellon.de\/index.php?rest_route=\/wp\/v2\/pages\/79\/revisions"}],"predecessor-version":[{"id":679,"href":"http:\/\/maxellon.de\/index.php?rest_route=\/wp\/v2\/pages\/79\/revisions\/679"}],"wp:attachment":[{"href":"http:\/\/maxellon.de\/index.php?rest_route=%2Fwp%2Fv2%2Fmedia&parent=79"}],"curies":[{"name":"wp","href":"https:\/\/api.w.org\/{rel}","templated":true}]}}