{"id":583,"date":"2020-03-29T17:35:55","date_gmt":"2020-03-29T17:35:55","guid":{"rendered":"http:\/\/maxellon.de\/?page_id=583"},"modified":"2020-05-12T23:03:03","modified_gmt":"2020-05-12T23:03:03","slug":"sleepwalking","status":"publish","type":"page","link":"http:\/\/maxellon.de\/?page_id=583","title":{"rendered":"Sleepwalking"},"content":{"rendered":"\n<figure class=\"wp-block-gallery columns-1 is-cropped wp-block-gallery-1 is-layout-flex wp-block-gallery-is-layout-flex\"><ul class=\"blocks-gallery-grid\"><li class=\"blocks-gallery-item\"><figure><img loading=\"lazy\" decoding=\"async\" width=\"1024\" height=\"683\" src=\"http:\/\/maxellon.de\/wp-content\/uploads\/2019\/04\/DSCF7938.jpg\" alt=\"\" data-id=\"177\" data-full-url=\"http:\/\/maxellon.de\/wp-content\/uploads\/2019\/04\/DSCF7938.jpg\" data-link=\"http:\/\/maxellon.de\/?attachment_id=177\" class=\"wp-image-177\" srcset=\"http:\/\/maxellon.de\/wp-content\/uploads\/2019\/04\/DSCF7938.jpg 1024w, http:\/\/maxellon.de\/wp-content\/uploads\/2019\/04\/DSCF7938-740x494.jpg 740w, http:\/\/maxellon.de\/wp-content\/uploads\/2019\/04\/DSCF7938-768x512.jpg 768w\" sizes=\"(max-width: 1024px) 100vw, 1024px\" \/><figcaption class=\"blocks-gallery-item__caption\">Foto Ralf Heilmann 2019<\/figcaption><\/figure><\/li><\/ul><\/figure>\n\n\n\n<p><strong>Die Blaue Nacht 2019<\/strong><\/p>\n\n\n\n<p>Video-\/ Soundinstallation &#8222;Sleepwalking&#8220; im Parkhaus Sterntor &#8211; Deck 8a<br>Wir freuen uns \u00fcber den Dritten Preis&nbsp;und danken allen Helfern und Unterst\u00fctzern.<br><div class=\"workslider\"><div class=\"nor-flexslider standard-slider full-width-img fade\" style=\"margin-top:25;margin-bottom:25;\" \n\t\t\t\t\tdata-opts='{\"animation\":\"fade\",\"transition\":\"4000\",\"slideshow\":\"\",\"autoplay\":\"1\"}'>\n\t\t\t\t\t\t<ul class=\"slides\" data-light=\"nor-lightbox\"><li data-thumb=\"\"><a href=\"http:\/\/maxellon.de\/wp-content\/uploads\/2019\/04\/DSCF7754-1.jpg\" class=\"flex-slide\"><img loading=\"lazy\" decoding=\"async\" src=\"http:\/\/maxellon.de\/wp-content\/uploads\/2019\/04\/DSCF7754-1.jpg\" srcset=\"http:\/\/maxellon.de\/wp-content\/uploads\/2019\/04\/DSCF7754-1.jpg 1024w, http:\/\/maxellon.de\/wp-content\/uploads\/2019\/04\/DSCF7754-1-768x768.jpg 768w, http:\/\/maxellon.de\/wp-content\/uploads\/2019\/04\/DSCF7754-1-150x150.jpg 150w\" width=\"1024\"  height=\"1024\" alt=\"Foto Ralf Heilmann 2019\"\n            data-sizes=\"100vw\" sizes=\"100vw\" class=\"lazyload \"><\/a><div class=\"flex-caption\">Foto Ralf Heilmann 2019<\/div><\/li><li data-thumb=\"\"><a href=\"http:\/\/maxellon.de\/wp-content\/uploads\/2019\/04\/DSCF7757.jpg\" class=\"flex-slide\"><img loading=\"lazy\" decoding=\"async\" src=\"http:\/\/maxellon.de\/wp-content\/uploads\/2019\/04\/DSCF7757.jpg\" srcset=\"http:\/\/maxellon.de\/wp-content\/uploads\/2019\/04\/DSCF7757.jpg 1024w, http:\/\/maxellon.de\/wp-content\/uploads\/2019\/04\/DSCF7757-768x432.jpg 768w\" width=\"1024\"  height=\"576\" alt=\"Foto Ralf Heilmann 2019\"\n            data-sizes=\"100vw\" sizes=\"100vw\" class=\"lazyload \"><\/a><div class=\"flex-caption\">Foto Ralf Heilmann 2019<\/div><\/li><li data-thumb=\"\"><a href=\"http:\/\/maxellon.de\/wp-content\/uploads\/2019\/04\/DSCF7792.jpg\" class=\"flex-slide\"><img loading=\"lazy\" decoding=\"async\" src=\"http:\/\/maxellon.de\/wp-content\/uploads\/2019\/04\/DSCF7792.jpg\" srcset=\"http:\/\/maxellon.de\/wp-content\/uploads\/2019\/04\/DSCF7792.jpg 1024w, http:\/\/maxellon.de\/wp-content\/uploads\/2019\/04\/DSCF7792-740x494.jpg 740w, http:\/\/maxellon.de\/wp-content\/uploads\/2019\/04\/DSCF7792-768x512.jpg 768w\" width=\"1024\"  height=\"683\" alt=\"Foto Ralf Heilmann 2019\"\n            data-sizes=\"100vw\" sizes=\"100vw\" class=\"lazyload \"><\/a><div class=\"flex-caption\">Foto Ralf Heilmann 2019<\/div><\/li><li data-thumb=\"\"><a href=\"http:\/\/maxellon.de\/wp-content\/uploads\/2019\/04\/DSCF7807.jpg\" class=\"flex-slide\"><img loading=\"lazy\" decoding=\"async\" src=\"http:\/\/maxellon.de\/wp-content\/uploads\/2019\/04\/DSCF7807.jpg\" srcset=\"http:\/\/maxellon.de\/wp-content\/uploads\/2019\/04\/DSCF7807.jpg 1024w, http:\/\/maxellon.de\/wp-content\/uploads\/2019\/04\/DSCF7807-768x768.jpg 768w, http:\/\/maxellon.de\/wp-content\/uploads\/2019\/04\/DSCF7807-150x150.jpg 150w\" width=\"1024\"  height=\"1024\" alt=\"Foto Ralf Heilmann 2019\"\n            data-sizes=\"100vw\" sizes=\"100vw\" class=\"lazyload \"><\/a><div class=\"flex-caption\">Foto Ralf Heilmann 2019<\/div><\/li><li data-thumb=\"\"><a href=\"http:\/\/maxellon.de\/wp-content\/uploads\/2019\/04\/DSCF7809.jpg\" class=\"flex-slide\"><img loading=\"lazy\" decoding=\"async\" src=\"http:\/\/maxellon.de\/wp-content\/uploads\/2019\/04\/DSCF7809.jpg\" srcset=\"http:\/\/maxellon.de\/wp-content\/uploads\/2019\/04\/DSCF7809.jpg 1024w, http:\/\/maxellon.de\/wp-content\/uploads\/2019\/04\/DSCF7809-740x494.jpg 740w, http:\/\/maxellon.de\/wp-content\/uploads\/2019\/04\/DSCF7809-768x512.jpg 768w\" width=\"1024\"  height=\"683\" alt=\"Foto Ralf Heilmann 2019\"\n            data-sizes=\"100vw\" sizes=\"100vw\" class=\"lazyload \"><\/a><div class=\"flex-caption\">Foto Ralf Heilmann 2019<\/div><\/li><li data-thumb=\"\"><a href=\"http:\/\/maxellon.de\/wp-content\/uploads\/2019\/04\/DSCF7905.jpg\" class=\"flex-slide\"><img loading=\"lazy\" decoding=\"async\" src=\"http:\/\/maxellon.de\/wp-content\/uploads\/2019\/04\/DSCF7905.jpg\" srcset=\"http:\/\/maxellon.de\/wp-content\/uploads\/2019\/04\/DSCF7905.jpg 1024w, http:\/\/maxellon.de\/wp-content\/uploads\/2019\/04\/DSCF7905-740x494.jpg 740w, http:\/\/maxellon.de\/wp-content\/uploads\/2019\/04\/DSCF7905-768x512.jpg 768w\" width=\"1024\"  height=\"683\" alt=\"Foto Ralf Heilmann 2019\"\n            data-sizes=\"100vw\" sizes=\"100vw\" class=\"lazyload \"><\/a><div class=\"flex-caption\">Foto Ralf Heilmann 2019<\/div><\/li><li data-thumb=\"\"><a href=\"http:\/\/maxellon.de\/wp-content\/uploads\/2019\/04\/DSCF7938.jpg\" class=\"flex-slide\"><img loading=\"lazy\" decoding=\"async\" src=\"http:\/\/maxellon.de\/wp-content\/uploads\/2019\/04\/DSCF7938.jpg\" srcset=\"http:\/\/maxellon.de\/wp-content\/uploads\/2019\/04\/DSCF7938.jpg 1024w, http:\/\/maxellon.de\/wp-content\/uploads\/2019\/04\/DSCF7938-740x494.jpg 740w, http:\/\/maxellon.de\/wp-content\/uploads\/2019\/04\/DSCF7938-768x512.jpg 768w\" width=\"1024\"  height=\"683\" alt=\"Foto Ralf Heilmann 2019\"\n            data-sizes=\"100vw\" sizes=\"100vw\" class=\"lazyload \"><\/a><div class=\"flex-caption\">Foto Ralf Heilmann 2019<\/div><\/li><\/ul><\/div><\/div>\n\n\n\n<p>Steht die Welt auf dem Kopf? <br> \u201eSleepwalking\u201c ist eine Videoinstallation auf dem Parkdeck 8 im Parkhaus Sterntor, die uns erleben l\u00e4sst, wie Wasser vom grauen Zementboden \u00fcber eine S\u00e4ule nach oben l\u00e4uft und sich \u00fcber dem Dachfenster des Parkhauses ausbreitet, um langsam zu verschwinden. Ein spiritueller, poetischer Moment und ein Erlebnis der unmittelbaren Natur \u00fcber den D\u00e4chern von N\u00fcrnberg. Das Wasser flie\u00dft entgegen seiner Laufrichtung und l\u00e4sst uns mit dem wagen Gef\u00fchl zur\u00fcck: Das Leben ist anders als vermutet. Himmel und H\u00f6lle, H\u00f6lle und Himmel. Wovor haben wir Angst? Was sind unsere \u00dcberzeugungen angesichts dieses visuellen Naturschauspiels? <\/p>\n\n\n\n<figure class=\"wp-block-gallery columns-3 is-cropped wp-block-gallery-2 is-layout-flex wp-block-gallery-is-layout-flex\"><ul class=\"blocks-gallery-grid\"><li class=\"blocks-gallery-item\"><figure><img loading=\"lazy\" decoding=\"async\" width=\"1200\" height=\"900\" src=\"http:\/\/maxellon.de\/wp-content\/uploads\/2019\/05\/BN-2019Foto-002klein.jpg\" alt=\"\" data-id=\"151\" data-full-url=\"http:\/\/maxellon.de\/wp-content\/uploads\/2019\/05\/BN-2019Foto-002klein.jpg\" data-link=\"http:\/\/maxellon.de\/?attachment_id=151\" class=\"wp-image-151\" srcset=\"http:\/\/maxellon.de\/wp-content\/uploads\/2019\/05\/BN-2019Foto-002klein.jpg 1200w, http:\/\/maxellon.de\/wp-content\/uploads\/2019\/05\/BN-2019Foto-002klein-1080x810.jpg 1080w, http:\/\/maxellon.de\/wp-content\/uploads\/2019\/05\/BN-2019Foto-002klein-768x576.jpg 768w\" sizes=\"(max-width: 1200px) 100vw, 1200px\" \/><\/figure><\/li><li class=\"blocks-gallery-item\"><figure><img loading=\"lazy\" decoding=\"async\" width=\"1666\" height=\"1245\" src=\"http:\/\/maxellon.de\/wp-content\/uploads\/2019\/05\/BN-2019Foto-004klein.jpg\" alt=\"\" data-id=\"153\" data-full-url=\"http:\/\/maxellon.de\/wp-content\/uploads\/2019\/05\/BN-2019Foto-004klein.jpg\" data-link=\"http:\/\/maxellon.de\/?attachment_id=153\" class=\"wp-image-153\" srcset=\"http:\/\/maxellon.de\/wp-content\/uploads\/2019\/05\/BN-2019Foto-004klein.jpg 1666w, http:\/\/maxellon.de\/wp-content\/uploads\/2019\/05\/BN-2019Foto-004klein-1080x807.jpg 1080w, http:\/\/maxellon.de\/wp-content\/uploads\/2019\/05\/BN-2019Foto-004klein-768x574.jpg 768w\" sizes=\"(max-width: 1666px) 100vw, 1666px\" \/><figcaption class=\"blocks-gallery-item__caption\">Foto Ralf Heilmann 2019<\/figcaption><\/figure><\/li><li class=\"blocks-gallery-item\"><figure><img loading=\"lazy\" decoding=\"async\" width=\"1666\" height=\"1249\" src=\"http:\/\/maxellon.de\/wp-content\/uploads\/2019\/05\/BN-2019Foto-003klein.jpg\" alt=\"\" data-id=\"152\" data-full-url=\"http:\/\/maxellon.de\/wp-content\/uploads\/2019\/05\/BN-2019Foto-003klein.jpg\" data-link=\"http:\/\/maxellon.de\/?attachment_id=152\" class=\"wp-image-152\" srcset=\"http:\/\/maxellon.de\/wp-content\/uploads\/2019\/05\/BN-2019Foto-003klein.jpg 1666w, http:\/\/maxellon.de\/wp-content\/uploads\/2019\/05\/BN-2019Foto-003klein-1080x810.jpg 1080w, http:\/\/maxellon.de\/wp-content\/uploads\/2019\/05\/BN-2019Foto-003klein-768x576.jpg 768w\" sizes=\"(max-width: 1666px) 100vw, 1666px\" \/><\/figure><\/li><li class=\"blocks-gallery-item\"><figure><img loading=\"lazy\" decoding=\"async\" width=\"1024\" height=\"1536\" src=\"http:\/\/maxellon.de\/wp-content\/uploads\/2019\/04\/DSCF7754.jpg\" alt=\"\" data-id=\"165\" data-full-url=\"http:\/\/maxellon.de\/wp-content\/uploads\/2019\/04\/DSCF7754.jpg\" data-link=\"http:\/\/maxellon.de\/?attachment_id=165\" class=\"wp-image-165\" srcset=\"http:\/\/maxellon.de\/wp-content\/uploads\/2019\/04\/DSCF7754.jpg 1024w, http:\/\/maxellon.de\/wp-content\/uploads\/2019\/04\/DSCF7754-720x1080.jpg 720w, http:\/\/maxellon.de\/wp-content\/uploads\/2019\/04\/DSCF7754-768x1152.jpg 768w\" sizes=\"(max-width: 1024px) 100vw, 1024px\" \/><figcaption class=\"blocks-gallery-item__caption\">Foto Ralf Heilmann 2019<\/figcaption><\/figure><\/li><li class=\"blocks-gallery-item\"><figure><img loading=\"lazy\" decoding=\"async\" width=\"1666\" height=\"1250\" src=\"http:\/\/maxellon.de\/wp-content\/uploads\/2019\/05\/BN001.jpg\" alt=\"\" data-id=\"154\" data-full-url=\"http:\/\/maxellon.de\/wp-content\/uploads\/2019\/05\/BN001.jpg\" data-link=\"http:\/\/maxellon.de\/?attachment_id=154\" class=\"wp-image-154\" srcset=\"http:\/\/maxellon.de\/wp-content\/uploads\/2019\/05\/BN001.jpg 1666w, http:\/\/maxellon.de\/wp-content\/uploads\/2019\/05\/BN001-1080x810.jpg 1080w, http:\/\/maxellon.de\/wp-content\/uploads\/2019\/05\/BN001-768x576.jpg 768w\" sizes=\"(max-width: 1666px) 100vw, 1666px\" \/><\/figure><\/li><li class=\"blocks-gallery-item\"><figure><img loading=\"lazy\" decoding=\"async\" width=\"1024\" height=\"1024\" src=\"http:\/\/maxellon.de\/wp-content\/uploads\/2019\/04\/DSCF7752.jpg\" alt=\"\" data-id=\"163\" data-full-url=\"http:\/\/maxellon.de\/wp-content\/uploads\/2019\/04\/DSCF7752.jpg\" data-link=\"http:\/\/maxellon.de\/?attachment_id=163\" class=\"wp-image-163\" srcset=\"http:\/\/maxellon.de\/wp-content\/uploads\/2019\/04\/DSCF7752.jpg 1024w, http:\/\/maxellon.de\/wp-content\/uploads\/2019\/04\/DSCF7752-768x768.jpg 768w, http:\/\/maxellon.de\/wp-content\/uploads\/2019\/04\/DSCF7752-150x150.jpg 150w\" sizes=\"(max-width: 1024px) 100vw, 1024px\" \/><figcaption class=\"blocks-gallery-item__caption\">Foto Ralf Heilmann 2019<\/figcaption><\/figure><\/li><\/ul><\/figure>\n\n\n\n<div class=\"wp-block-columns has-2-columns is-layout-flex wp-container-core-columns-layout-1 wp-block-columns-is-layout-flex\">\n<div class=\"wp-block-column is-layout-flow wp-block-column-is-layout-flow\" style=\"flex-basis:33.33%\">\n<figure class=\"wp-block-embed-vimeo wp-block-embed is-type-video is-provider-vimeo wp-embed-aspect-16-9 wp-has-aspect-ratio\"><div class=\"wp-block-embed__wrapper\">\n<iframe loading=\"lazy\" title=\"Die Blaue Nacht 2019 - Clip 002 - 1\" src=\"https:\/\/player.vimeo.com\/video\/334761649?dnt=1&amp;app_id=122963\" width=\"500\" height=\"281\"  allow=\"autoplay; fullscreen\" allowfullscreen><\/iframe>\n<\/div><\/figure>\n<\/div>\n\n\n\n<div class=\"wp-block-column is-layout-flow wp-block-column-is-layout-flow\" style=\"flex-basis:66.66%\"><\/div>\n<\/div>\n","protected":false},"excerpt":{"rendered":"<p>Die Blaue Nacht 2019 Video-\/ Soundinstallation &#8222;Sleepwalking&#8220; im Parkhaus Sterntor &#8211; Deck 8aWir freuen uns \u00fcber den Dritten Preis&nbsp;und danken&#8230;<\/p>\n","protected":false},"author":1,"featured_media":0,"parent":0,"menu_order":0,"comment_status":"closed","ping_status":"closed","template":"","meta":{"footnotes":""},"_links":{"self":[{"href":"http:\/\/maxellon.de\/index.php?rest_route=\/wp\/v2\/pages\/583"}],"collection":[{"href":"http:\/\/maxellon.de\/index.php?rest_route=\/wp\/v2\/pages"}],"about":[{"href":"http:\/\/maxellon.de\/index.php?rest_route=\/wp\/v2\/types\/page"}],"author":[{"embeddable":true,"href":"http:\/\/maxellon.de\/index.php?rest_route=\/wp\/v2\/users\/1"}],"replies":[{"embeddable":true,"href":"http:\/\/maxellon.de\/index.php?rest_route=%2Fwp%2Fv2%2Fcomments&post=583"}],"version-history":[{"count":10,"href":"http:\/\/maxellon.de\/index.php?rest_route=\/wp\/v2\/pages\/583\/revisions"}],"predecessor-version":[{"id":681,"href":"http:\/\/maxellon.de\/index.php?rest_route=\/wp\/v2\/pages\/583\/revisions\/681"}],"wp:attachment":[{"href":"http:\/\/maxellon.de\/index.php?rest_route=%2Fwp%2Fv2%2Fmedia&parent=583"}],"curies":[{"name":"wp","href":"https:\/\/api.w.org\/{rel}","templated":true}]}}