{"id":53,"date":"2019-04-22T09:28:57","date_gmt":"2019-04-22T09:28:57","guid":{"rendered":"http:\/\/maxellon.de\/?page_id=53"},"modified":"2020-03-13T08:42:40","modified_gmt":"2020-03-13T08:42:40","slug":"about","status":"publish","type":"page","link":"http:\/\/maxellon.de\/?page_id=53","title":{"rendered":"about"},"content":{"rendered":"\n<figure class=\"wp-block-image is-resized\"><img loading=\"lazy\" decoding=\"async\" src=\"http:\/\/maxellon.de\/wp-content\/uploads\/2019\/04\/Joanna-Maxellon.png\" alt=\"\" class=\"wp-image-138\" width=\"190\" height=\"201\"\/><\/figure>\n\n\n\n<p><br><strong>Joanna Maxellon<\/strong><\/p>\n\n\n\n<p>geboren 1969 in Ruda Slaska (Polen), studierte zuerst klassische Literatur und Orientalistik an der Jagiellonian University in Krakau und schloss ihr Studium mit Magister ab. Nach einem einj\u00e4hrigen Stipendium der UNO in Paris, war sie 1994 f\u00fcr acht Monate f\u00fcr mehrere Fotoreportagen f\u00fcr die UNO im Kriegsgebiet Bosnien. Danach zog sie nach Deutschland und studierte ab 1996 an der Akademie der Bildenden K\u00fcnste in N\u00fcrnberg freie Kunst und gleichzeitig Gestaltung mit Schwerpunkt AV- Medien an der Fachhochschule f\u00fcr Gestaltung, N\u00fcrnberg. 1998 erhielt sie ein Stipendium am HfG Karlsruhe\/ ZKM Karlsruhe f\u00fcr Medienkunst. Von 2003 bis 2018 war sie die Assistentin von Prof. Ottmar H\u00f6rl &#8211; Klasse Bildhauerei des 21. Jahrhunderts an der Akademie der Bildenden K\u00fcnste N\u00fcrnberg. <br><br>Sie lebt und arbeitet als freie K\u00fcnstlerin in N\u00fcrnberg und Karlsruhe.<\/p>\n","protected":false},"excerpt":{"rendered":"<p>Joanna Maxellon geboren 1969 in Ruda Slaska (Polen), studierte zuerst klassische Literatur und Orientalistik an der Jagiellonian University in Krakau&#8230;<\/p>\n","protected":false},"author":1,"featured_media":0,"parent":0,"menu_order":0,"comment_status":"closed","ping_status":"closed","template":"","meta":{"footnotes":""},"_links":{"self":[{"href":"http:\/\/maxellon.de\/index.php?rest_route=\/wp\/v2\/pages\/53"}],"collection":[{"href":"http:\/\/maxellon.de\/index.php?rest_route=\/wp\/v2\/pages"}],"about":[{"href":"http:\/\/maxellon.de\/index.php?rest_route=\/wp\/v2\/types\/page"}],"author":[{"embeddable":true,"href":"http:\/\/maxellon.de\/index.php?rest_route=\/wp\/v2\/users\/1"}],"replies":[{"embeddable":true,"href":"http:\/\/maxellon.de\/index.php?rest_route=%2Fwp%2Fv2%2Fcomments&post=53"}],"version-history":[{"count":5,"href":"http:\/\/maxellon.de\/index.php?rest_route=\/wp\/v2\/pages\/53\/revisions"}],"predecessor-version":[{"id":502,"href":"http:\/\/maxellon.de\/index.php?rest_route=\/wp\/v2\/pages\/53\/revisions\/502"}],"wp:attachment":[{"href":"http:\/\/maxellon.de\/index.php?rest_route=%2Fwp%2Fv2%2Fmedia&parent=53"}],"curies":[{"name":"wp","href":"https:\/\/api.w.org\/{rel}","templated":true}]}}